{"id":37,"date":"2020-03-29T11:02:04","date_gmt":"2020-03-29T11:02:04","guid":{"rendered":"http:\/\/spd-atter.de\/?page_id=37"},"modified":"2025-01-22T16:04:28","modified_gmt":"2025-01-22T16:04:28","slug":"spd-ov-eversburg","status":"publish","type":"page","link":"https:\/\/spd-eversburg.de\/?page_id=37","title":{"rendered":"SPD OV Eversburg"},"content":{"rendered":"\n<p><strong>Vorsitzender:<\/strong><\/p>\n\n\n\n<div class=\"wp-block-group\"><div class=\"wp-block-group__inner-container is-layout-flow wp-block-group-is-layout-flow\">\n<ul class=\"wp-block-list\">\n<li>Hubert Fla\u00dfp\u00f6hler<\/li>\n\n\n\n<li>Bucholtzstr. 6<\/li>\n\n\n\n<li>49090 Osnabr\u00fcck<\/li>\n\n\n\n<li>Tel.: 0541-122379<\/li>\n<\/ul>\n<\/div><\/div>\n\n\n\n<hr class=\"wp-block-separator has-css-opacity is-style-wide\"\/>\n\n\n\n<figure class=\"wp-block-image size-large\"><img loading=\"lazy\" decoding=\"async\" width=\"1024\" height=\"683\" src=\"https:\/\/spd-eversburg.de\/wp-content\/uploads\/2021\/06\/Hubert-Flasspoehler-1024x683.jpg\" alt=\"\" class=\"wp-image-388\" srcset=\"https:\/\/spd-eversburg.de\/wp-content\/uploads\/2021\/06\/Hubert-Flasspoehler-1024x683.jpg 1024w, https:\/\/spd-eversburg.de\/wp-content\/uploads\/2021\/06\/Hubert-Flasspoehler-300x200.jpg 300w, https:\/\/spd-eversburg.de\/wp-content\/uploads\/2021\/06\/Hubert-Flasspoehler-768x512.jpg 768w, https:\/\/spd-eversburg.de\/wp-content\/uploads\/2021\/06\/Hubert-Flasspoehler-1536x1024.jpg 1536w, https:\/\/spd-eversburg.de\/wp-content\/uploads\/2021\/06\/Hubert-Flasspoehler-2048x1365.jpg 2048w, https:\/\/spd-eversburg.de\/wp-content\/uploads\/2021\/06\/Hubert-Flasspoehler-1200x800.jpg 1200w\" sizes=\"auto, (max-width: 709px) 85vw, (max-width: 909px) 67vw, (max-width: 1362px) 62vw, 840px\" \/><figcaption class=\"wp-element-caption\">Hubert Fla\u00dfp\u00f6hler<\/figcaption><\/figure>\n\n\n\n<p><strong>Unsere Vorstandsmitglieder f\u00fcr Eversburg-Natruper Tor<\/strong>:<\/p>\n\n\n\n<p>(Gew\u00e4hlt im November 2024)<\/p>\n\n\n\n<ul class=\"wp-block-list\">\n<li>Rudolf Peceny (stellvertretender Vorsitzender)<\/li>\n\n\n\n<li>Alice Graschtat (stellvertretende Vorsitzende)<\/li>\n<\/ul>\n\n\n\n<ul class=\"wp-block-list\">\n<li>Heinz-Werner M\u00fcller <\/li>\n\n\n\n<li>Jan Ebeling<\/li>\n\n\n\n<li>Karin Detert<\/li>\n\n\n\n<li>Heiko Panzer<\/li>\n\n\n\n<li>Katharina Lager <\/li>\n\n\n\n<li>Christopher Lager<\/li>\n\n\n\n<li>Verena Wilcock<\/li>\n\n\n\n<li>Irmtraut R\u00f6\u00dfner<\/li>\n\n\n\n<li>Ursel Matuschke<\/li>\n\n\n\n<li>Friedrich Uhrmacher<\/li>\n\n\n\n<li>Anja Rosin<\/li>\n\n\n\n<li>Helge Schl\u00fcns<\/li>\n\n\n\n<li>Sascha Bensing<\/li>\n<\/ul>\n\n\n\n<hr class=\"wp-block-separator has-css-opacity is-style-wide\"\/>\n\n\n\n<p><strong>Sie k\u00f6nnen uns unterst\u00fctzen:<\/strong><br><\/p>\n\n\n\n<p><strong>Spendenkonto der SPD Eversburg Natruper-Tor<\/strong><\/p>\n\n\n\n<p><strong>Sparkasse Osnabr\u00fcck IBAN: DE40265501050000564302<\/strong><\/p>\n\n\n\n<p>Spenden an politische Parteien k\u00f6nnen zu 50% von der Steuer abgesetzt werden! Sie bekommen eine Spendenbescheinigung zum Jahresende, wir freuen uns wenn Sie unsere ehrenamtliche politische Arbeit im Stadtteil f\u00fcr unterst\u00fctzenswert halten.<\/p>\n\n\n\n<figure class=\"wp-block-image size-large\"><img loading=\"lazy\" decoding=\"async\" width=\"1024\" height=\"576\" src=\"http:\/\/spd-atter.de\/wp-content\/uploads\/2020\/03\/1608201-1024x576.jpg\" alt=\"\" class=\"wp-image-8\" srcset=\"https:\/\/spd-eversburg.de\/wp-content\/uploads\/2020\/03\/1608201-1024x576.jpg 1024w, https:\/\/spd-eversburg.de\/wp-content\/uploads\/2020\/03\/1608201-300x169.jpg 300w, https:\/\/spd-eversburg.de\/wp-content\/uploads\/2020\/03\/1608201-768x432.jpg 768w\" sizes=\"auto, (max-width: 709px) 85vw, (max-width: 909px) 67vw, (max-width: 1362px) 62vw, 840px\" \/><figcaption class=\"wp-element-caption\">SPD Eversburg und Atter beim Besuch der Landwehr Kaserne<\/figcaption><\/figure>\n\n\n\n<div class=\"wp-block-buttons is-layout-flex wp-block-buttons-is-layout-flex\">\n<div class=\"wp-block-button is-style-outline is-style-outline--1\"><a class=\"wp-block-button__link wp-element-button\" href=\"https:\/\/spd-eversburg.de\/?page_id=37\">zur\u00fcck<\/a><\/div>\n<\/div>\n","protected":false},"excerpt":{"rendered":"<p>Vorsitzender: Unsere Vorstandsmitglieder f\u00fcr Eversburg-Natruper Tor: (Gew\u00e4hlt im November 2024) Sie k\u00f6nnen uns unterst\u00fctzen: Spendenkonto der SPD Eversburg Natruper-Tor Sparkasse Osnabr\u00fcck IBAN: DE40265501050000564302 Spenden an politische Parteien k\u00f6nnen zu 50% von der Steuer abgesetzt werden! Sie bekommen eine Spendenbescheinigung zum Jahresende, wir freuen uns wenn Sie unsere ehrenamtliche politische Arbeit im Stadtteil f\u00fcr unterst\u00fctzenswert halten.<\/p>\n","protected":false},"author":1,"featured_media":0,"parent":0,"menu_order":0,"comment_status":"closed","ping_status":"closed","template":"","meta":{"footnotes":""},"class_list":["post-37","page","type-page","status-publish","hentry"],"_links":{"self":[{"href":"https:\/\/spd-eversburg.de\/index.php?rest_route=\/wp\/v2\/pages\/37","targetHints":{"allow":["GET"]}}],"collection":[{"href":"https:\/\/spd-eversburg.de\/index.php?rest_route=\/wp\/v2\/pages"}],"about":[{"href":"https:\/\/spd-eversburg.de\/index.php?rest_route=\/wp\/v2\/types\/page"}],"author":[{"embeddable":true,"href":"https:\/\/spd-eversburg.de\/index.php?rest_route=\/wp\/v2\/users\/1"}],"replies":[{"embeddable":true,"href":"https:\/\/spd-eversburg.de\/index.php?rest_route=%2Fwp%2Fv2%2Fcomments&post=37"}],"version-history":[{"count":12,"href":"https:\/\/spd-eversburg.de\/index.php?rest_route=\/wp\/v2\/pages\/37\/revisions"}],"predecessor-version":[{"id":597,"href":"https:\/\/spd-eversburg.de\/index.php?rest_route=\/wp\/v2\/pages\/37\/revisions\/597"}],"wp:attachment":[{"href":"https:\/\/spd-eversburg.de\/index.php?rest_route=%2Fwp%2Fv2%2Fmedia&parent=37"}],"curies":[{"name":"wp","href":"https:\/\/api.w.org\/{rel}","templated":true}]}}