{"id":57,"date":"2020-03-29T12:01:38","date_gmt":"2020-03-29T12:01:38","guid":{"rendered":"http:\/\/spd-atter.de\/?page_id=57"},"modified":"2026-03-28T09:31:58","modified_gmt":"2026-03-28T09:31:58","slug":"heiko-panzer","status":"publish","type":"page","link":"https:\/\/spd-eversburg.de\/?page_id=57","title":{"rendered":"Aktiv f\u00fcr Osnabr\u00fcck"},"content":{"rendered":"\n<div class=\"wp-block-group\"><div class=\"wp-block-group__inner-container is-layout-flow wp-block-group-is-layout-flow\">\n<h6 class=\"wp-block-heading\">Heiko Panzer, Ihr Stadtteilvertreter f\u00fcr Eversburg, Atter und Hafen<\/h6>\n\n\n\n<div class=\"wp-block-media-text is-stacked-on-mobile\"><figure class=\"wp-block-media-text__media\"><img loading=\"lazy\" decoding=\"async\" width=\"948\" height=\"1024\" src=\"https:\/\/spd-eversburg.de\/wp-content\/uploads\/2026\/03\/IMG_0122-1-948x1024.jpeg\" alt=\"\" class=\"wp-image-676 size-full\" srcset=\"https:\/\/spd-eversburg.de\/wp-content\/uploads\/2026\/03\/IMG_0122-1-948x1024.jpeg 948w, https:\/\/spd-eversburg.de\/wp-content\/uploads\/2026\/03\/IMG_0122-1-278x300.jpeg 278w, https:\/\/spd-eversburg.de\/wp-content\/uploads\/2026\/03\/IMG_0122-1-768x829.jpeg 768w, https:\/\/spd-eversburg.de\/wp-content\/uploads\/2026\/03\/IMG_0122-1-1422x1536.jpeg 1422w, https:\/\/spd-eversburg.de\/wp-content\/uploads\/2026\/03\/IMG_0122-1-1200x1296.jpeg 1200w, https:\/\/spd-eversburg.de\/wp-content\/uploads\/2026\/03\/IMG_0122-1.jpeg 1526w\" sizes=\"auto, (max-width: 709px) 85vw, (max-width: 909px) 67vw, (max-width: 1362px) 62vw, 840px\" \/><\/figure><div class=\"wp-block-media-text__content\">\n<p><strong>Heiko Panzer,<\/strong> 53 Jahre, verheiratet, Familienvater, gelernter Radio- und Fernsehtechniker<\/p>\n\n\n\n<h5 class=\"wp-block-heading\">Funktionen in der SPD-Ratsfraktion:<\/h5>\n\n\n\n<p><strong>Sprecher f\u00fcr:<\/strong> Finanzen, Mobilit\u00e4t, Energie- und W\u00e4rmewende, Umwelt- und Klimaschutz<\/p>\n<\/div><\/div>\n<\/div><\/div>\n\n\n\n<div class=\"wp-block-group\"><div class=\"wp-block-group__inner-container is-layout-flow wp-block-group-is-layout-flow\">\n<blockquote class=\"wp-block-quote is-layout-flow wp-block-quote-is-layout-flow\">\n<p><strong>Sprechen Sie mich gerne an, vereinbaren Sie ein Gespr\u00e4chstermin mit mir, auch per Videokonferenz ! F\u00fcr jeder Anregung und Ihre W\u00fcnsche habe ich ein offenes Ohr.<\/strong><\/p>\n<\/blockquote>\n\n\n\n<p>Sie erreichen mich am besten per Mail oder per Mobiltelefon: <\/p>\n\n\n\n<p>Mail: info@spd-eversburg.de<\/p>\n\n\n\n<p>Mobil: 0151 70051737<\/p>\n\n\n\n<p>Mein pers\u00f6nliches Pressearchiv und einen Einblick in meine Arbeit im Rathaus finden Sie auf meinem Linkedin-Profil, folgen sie dem unten stehenden Link:<\/p>\n\n\n\n<div class=\"wp-block-buttons is-layout-flex wp-block-buttons-is-layout-flex\">\n<div class=\"wp-block-button is-style-outline is-style-outline--1\"><a class=\"wp-block-button__link has-light-blue-background-color has-background wp-element-button\" href=\"https:\/\/www.linkedin.com\/in\/heiko-panzer-11b841273?utm_source=share&amp;utm_campaign=share_via&amp;utm_content=profile&amp;utm_medium=android_app\" style=\"border-top-left-radius:100px;border-top-right-radius:100px;border-bottom-left-radius:100px;border-bottom-right-radius:100px\">zum Linkedinprofil<\/a><\/div>\n<\/div>\n<\/div><\/div>\n\n\n\n<hr class=\"wp-block-separator has-css-opacity\"\/>\n\n\n\n<h6 class=\"wp-block-heading\">F\u00dcR SIE DA, WENN ES DRAUF ANKOMMT<\/h6>\n\n\n\n<p>In den vergangenen 15 Jahren durfte ich mich f\u00fcr die Belange der B\u00fcrgerinnen und B\u00fcrger in Eversburg, Atter und Hafen einsetzen. Ob in den B\u00fcrgerforen oder auf der Stra\u00dfe, ob telefonisch oder digital- wir haben uns ausgetauscht und wir konnten gemeinsam einige wichtige Themen voranbringen:<\/p>\n\n\n\n<ul class=\"wp-block-list\">\n<li>Neue Wohngebiete: Eversheide und Landwehrviertel<\/li>\n\n\n\n<li>Verkehrskonzept mit Ausweichparkplatz f\u00fcr den Rubbenbruchsee<\/li>\n\n\n\n<li>Schutz des Naherholungsgebietes Rubbenbruchsee<\/li>\n\n\n\n<li>Bau von Spielpl\u00e4tzen, Instandsetzung der Sporthallen, neue Kita Landwehrviertel\/Eversheide<\/li>\n\n\n\n<li>Erweiterung und Sanierung der Grundschule Atter<\/li>\n\n\n\n<li>Etablierung der Kulturszene auf den Konversionsfl\u00e4chen Hafen<\/li>\n\n\n\n<li>Planungen f\u00fcr die Untertunnelung des Bahn\u00fcbergangs Atterstra\u00dfe<\/li>\n\n\n\n<li>Busverbindungen mit der Metrobuslinie und gute Umsteigem\u00f6glichkeiten in die Stadtteile<\/li>\n\n\n\n<li>Errichtung des G\u00fcterverkehrszentrum Hafen<\/li>\n\n\n\n<li>Planung f\u00fcr sichere Radwege auf der Pagenstecher- und Wersener Stra\u00dfe<\/li>\n\n\n\n<li>Umwandlung der Natruperstra\u00dfe zur Umweltverbundachse<\/li>\n<\/ul>\n\n\n\n<p><strong>Gerne setze ich mich weiter f\u00fcr Ihre Anliegen und Ideen ein.<\/strong><\/p>\n\n\n\n<hr class=\"wp-block-separator has-css-opacity\"\/>\n\n\n\n<h6 class=\"wp-block-heading\">Pers\u00f6nliches:<\/h6>\n\n\n\n<p>Am 04. August wurde ich 53 Jahre jung, bin seit \u00fcber 26 Jahren verheiratet. Gemeinsam mit meiner Frau freuen wir uns \u00fcber die Zeit mit unserem Sohn Marius, der mittlerweile 20 Jahre alt ist und an der Hochschule Osnabr\u00fcck Informatik studiert.<br>Als politisch aktiver Mensch habe ich mich seit Jahren mit dem Thema Stadtentwicklung besch\u00e4ftigt. Umweltschutz und die Energie- und W\u00e4rmewende sind Bereiche die mir sehr wichtig sind und mit denen ich damals als Jugendlicher als erstes Kontakt hat. Ausl\u00f6ser meines politischen Wirkens war die Reaktorkatastrophe in Tschernobyl.<\/p>\n\n\n\n<p><strong>So bezieht unser Haushalt bereits seit \u00fcber 32 Jahren keinen Atomstrom mehr.<\/strong> Seit Sommer 2023 betreiben wir neben einer Solarthermieanlage auch eine Photovoltaikanlage auf unserem Hausdach. Ende 2024 haben wir uns f\u00fcr die Anschaffung eines E-Autos entschieden. So versuchen wir im Privaten die Zukunftsthemen genauso konsequent anzugehen wie im politischen Wirken. Danke an meine Familie, die da immer mitzieht! N\u00e4chster Meilenstein w\u00e4re dann die W\u00e4rmepumpe.<\/p>\n\n\n\n<p><strong>F\u00fcr Eversburg und Atter sehe ich weiter Entwicklungspotential als Wohn- aber auch als Arbeitsplatzquartier, eine intakte Wohnumgebung muss dabei unser oberstes Ziel sein.<\/strong> In unseren Stadtteilen ist ein Wohnen im gr\u00fcnen Umfeld m\u00f6glich, eine intakte Infrastruktur, Bildungseinrichtungen die klimaneutral auf dem Stand der Technik gehalten werden m\u00fcssen, eine gut ausgebaute Busanbindung und Radwege auch abseits von stark frequentierten Stra\u00dfen erm\u00f6glichen kurze Wege innerhalb des Stadtteils, in die Innenstadt und ins Umland. Zunehmende Leerst\u00e4nde im Quartier sind eine Herausforderung, da mit jedem Gesch\u00e4ft ein St\u00fcck Identit\u00e4t verloren geht. Das Naherholungsgebiet Rubbenbruchsee spielt bei der Lebensqualit\u00e4t in unseren Stadtteilen eine zentrale Rolle, dieser Naturraum bedarf darum Schutz vor Bebauung und Verkehrsbelastungen.<\/p>\n\n\n\n<p>Heute bin ich als Mitglied im Stadtentwicklungs- und Umweltausschuss t\u00e4tig und setzte mich in der SPD f\u00fcr ein lebenswertes Osnabr\u00fcck ein.&nbsp;In der SPD habe ich einige Jahre die Presse- und \u00d6ffentlichkeitsarbeit gepr\u00e4gt, im Ortsverein Eversburg bin ich ebenfalls als Pressesprecher t\u00e4tig.<\/p>\n\n\n\n<p><strong>Neben meinem politischen Wirken besch\u00e4ftige ich mich<\/strong> in meiner Freizeit gerne mit Musik, Sport und wir treffen uns gerne mit Freunden und z\u00fcnden den Grill in unserem kleinen Garten an. Mein Lieblingsplatz ist allerdings der vor meiner Stereoanlage bei nicht zu lauter Musik am liebsten von Schallplatte. Manchmal nehme ich mir die Zeit ein \u00e4lteres Elektroger\u00e4t, Kaffeemaschine oder Stereoanlage wieder zu reparieren. <\/p>\n\n\n\n<p>Mein b\u00fcrgerschaftliches Engagement reicht vom Nachbarschaftshilfeverein, B\u00fcrgerverein Eversburg, Wir in Atter, bis zum SV Eversburg, der Tafel, der Seebr\u00fccke &#8222;Sichere H\u00e4fen&#8220;, den Vereinen &#8222;EXIL&#8220; und &#8222;VPaK&#8220; und der Arbeiterwohlfahrt. Seit dem Fl\u00fcchtlingszuwachs 2015 und der hohen Anzahl an Fl\u00fcchtigen die im Mittelmeer verungl\u00fccken bin ich Mitglied bei Seawatch e.V.&nbsp;<\/p>\n\n\n\n<figure class=\"wp-block-image size-large\"><img loading=\"lazy\" decoding=\"async\" width=\"741\" height=\"417\" src=\"http:\/\/spd-atter.de\/wp-content\/uploads\/2020\/03\/atterkirche_full.jpg\" alt=\"\" class=\"wp-image-78\" srcset=\"https:\/\/spd-eversburg.de\/wp-content\/uploads\/2020\/03\/atterkirche_full.jpg 741w, https:\/\/spd-eversburg.de\/wp-content\/uploads\/2020\/03\/atterkirche_full-300x169.jpg 300w\" sizes=\"auto, (max-width: 741px) 85vw, 741px\" \/><\/figure>\n\n\n\n<h6 class=\"wp-block-heading\"><strong>Funktionen im Rat und dessen Aussch\u00fcssen<\/strong><\/h6>\n\n\n\n<ul class=\"wp-block-list\">\n<li>Mitglied des Rates der Stadt Osnabr\u00fcck <\/li>\n\n\n\n<li>Ausschuss f\u00fcr Finanzen und Beteiligungsmanagement: stellvert. Vorsitzender<\/li>\n\n\n\n<li>Ausschuss f\u00fcr Stadtentwicklung und Umwelt: Mitglied<\/li>\n\n\n\n<li>Strukturkonferenz: Mitglied<\/li>\n\n\n\n<li>Stellvertretendes Mitglied im Verwaltungsausschuss<\/li>\n<\/ul>\n\n\n\n<ul class=\"wp-block-list\">\n<li>Aufsichtsrat OPG Osnabr\u00fccker Parkst\u00e4tten Betriebsgesellschaft: Mitglied<\/li>\n\n\n\n<li>Aufsichtsrat Stadtwerke Osnabr\u00fcck AG: Mitglied<\/li>\n\n\n\n<li>Verwaltungsrat der Sparkasse Osnabr\u00fcck: Mitglied<\/li>\n\n\n\n<li>Aufsichtsrat der PLANOS: Mitglied<\/li>\n\n\n\n<li>AK 100% Klimaschutz \/ Klimabeirat: Mitglied<\/li>\n\n\n\n<li>Runder Tisch Radverkehr: Mitglied<\/li>\n\n\n\n<li>Arbeitskreis Wohnen und Gewerbe: Mitglied<\/li>\n\n\n\n<li>Arbeitskreis L\u00e4rmaktionsplan: Mitglied<\/li>\n<\/ul>\n\n\n\n<hr class=\"wp-block-separator has-css-opacity is-style-wide\"\/>\n\n\n\n<figure class=\"wp-block-image size-large\"><img loading=\"lazy\" decoding=\"async\" width=\"1024\" height=\"631\" src=\"http:\/\/spd-atter.de\/wp-content\/uploads\/2021\/01\/shutterstock_773658739-1024x631.jpg\" alt=\"\" class=\"wp-image-201\" srcset=\"https:\/\/spd-eversburg.de\/wp-content\/uploads\/2021\/01\/shutterstock_773658739-1024x631.jpg 1024w, https:\/\/spd-eversburg.de\/wp-content\/uploads\/2021\/01\/shutterstock_773658739-300x185.jpg 300w, https:\/\/spd-eversburg.de\/wp-content\/uploads\/2021\/01\/shutterstock_773658739-768x473.jpg 768w, https:\/\/spd-eversburg.de\/wp-content\/uploads\/2021\/01\/shutterstock_773658739-1536x946.jpg 1536w, https:\/\/spd-eversburg.de\/wp-content\/uploads\/2021\/01\/shutterstock_773658739-2048x1261.jpg 2048w, https:\/\/spd-eversburg.de\/wp-content\/uploads\/2021\/01\/shutterstock_773658739-1200x739.jpg 1200w\" sizes=\"auto, (max-width: 709px) 85vw, (max-width: 909px) 67vw, (max-width: 1362px) 62vw, 840px\" \/><\/figure>\n\n\n\n<hr class=\"wp-block-separator has-css-opacity is-style-wide\"\/>\n\n\n\n<h6 class=\"wp-block-heading\">Eink\u00fcnfte aus ehrenamtlicher und beruflicher T\u00e4tigkeit:<\/h6>\n\n\n\n<p>F\u00fcr die ehrenamtliche T\u00e4tigkeit als Mitglied im Rat der Stadt und im Ausschuss erhalte ich eine monatliche Aufwandsentsch\u00e4digung von ca. 430,- Euro, die ich versteuern muss.<\/p>\n\n\n\n<p>Zur Wahrnehmung der zahlreichen Termine in der Innenstadt steht mir eine Parkkarte f\u00fcr die Osnabr\u00fccker Parkh\u00e4user zur Verf\u00fcgung. <\/p>\n\n\n\n<p>F\u00fcr die T\u00e4tigkeit im Aufsichtsrat der OPG erhalte ich ein Sitzungsgeld von 125- Euro pro teilgenommen Sitzung. F\u00fcr die T\u00e4tigkeit im Aufsichtsrat der Stadtwerke Osnabr\u00fcck erh\u00e4lt ein Mitglied 250,- Euro pro teilgenommener Sitzungen. Als Mitglied im Verwaltungsrat der Sparkasse erhalte ich eine Aufwandsentsch\u00e4digung von monatlich 450,- Euro zuz\u00fcglich Sitzungsgeld von 290,- Euro pro teilgenommen Sitzung. F\u00fcr den PLANOS Aufsichtsrat bel\u00e4uft sich das Sitzungsgeld auf 80,- Euro.<\/p>\n\n\n\n<p>Einen Teil dieses Geldes stelle ich neben der SPD auch anderen wohlt\u00e4tigen Zwecken als Spende zur Verf\u00fcgung, unter anderem unterst\u00fctze ich lokale Vereine, Sportvereine, Gemeinschaftszentren und deren Jugendarbeit. Meine j\u00e4hrlichen spenden belaufen sich auf ca. 3500,- Euro<\/p>\n\n\n\n<p>Als Angestellter in der Qualit\u00e4tssicherung eines gro\u00dfen Arbeitgebers in Melle habe ich mich der Qualit\u00e4tssicherung von Industriesaugern Made in Germany verschrieben. Hier wirke ich auch als stellvertretender Betriebsratsvorsitzender und Arbeitssicherheitsbeauftragter ehrenamtlich mit.<\/p>\n\n\n\n<p>Falls Sie Fragen zu meinem Eink\u00fcnften haben, bitte ich Sie Kontakt mit mir aufzunehmen.<\/p>\n\n\n\n<div class=\"wp-block-buttons is-layout-flex wp-block-buttons-is-layout-flex\">\n<div class=\"wp-block-button is-style-outline is-style-outline--2\"><a class=\"wp-block-button__link wp-element-button\" href=\"https:\/\/spd-eversburg.de\/?page_id=57\">zur\u00fcck<\/a><\/div>\n<\/div>\n","protected":false},"excerpt":{"rendered":"<p>Heiko Panzer, Ihr Stadtteilvertreter f\u00fcr Eversburg, Atter und Hafen Heiko Panzer, 53 Jahre, verheiratet, Familienvater, gelernter Radio- und Fernsehtechniker Funktionen in der SPD-Ratsfraktion: Sprecher f\u00fcr: Finanzen, Mobilit\u00e4t, Energie- und W\u00e4rmewende, Umwelt- und Klimaschutz Sprechen Sie mich gerne an, vereinbaren Sie ein Gespr\u00e4chstermin mit mir, auch per Videokonferenz ! F\u00fcr jeder Anregung und Ihre W\u00fcnsche habe &hellip; <a href=\"https:\/\/spd-eversburg.de\/?page_id=57\" class=\"more-link\"><span class=\"screen-reader-text\">\u201eAktiv f\u00fcr Osnabr\u00fcck\u201c <\/span>weiterlesen<\/a><\/p>\n","protected":false},"author":1,"featured_media":0,"parent":0,"menu_order":0,"comment_status":"closed","ping_status":"closed","template":"","meta":{"footnotes":""},"class_list":["post-57","page","type-page","status-publish","hentry"],"_links":{"self":[{"href":"https:\/\/spd-eversburg.de\/index.php?rest_route=\/wp\/v2\/pages\/57","targetHints":{"allow":["GET"]}}],"collection":[{"href":"https:\/\/spd-eversburg.de\/index.php?rest_route=\/wp\/v2\/pages"}],"about":[{"href":"https:\/\/spd-eversburg.de\/index.php?rest_route=\/wp\/v2\/types\/page"}],"author":[{"embeddable":true,"href":"https:\/\/spd-eversburg.de\/index.php?rest_route=\/wp\/v2\/users\/1"}],"replies":[{"embeddable":true,"href":"https:\/\/spd-eversburg.de\/index.php?rest_route=%2Fwp%2Fv2%2Fcomments&post=57"}],"version-history":[{"count":25,"href":"https:\/\/spd-eversburg.de\/index.php?rest_route=\/wp\/v2\/pages\/57\/revisions"}],"predecessor-version":[{"id":681,"href":"https:\/\/spd-eversburg.de\/index.php?rest_route=\/wp\/v2\/pages\/57\/revisions\/681"}],"wp:attachment":[{"href":"https:\/\/spd-eversburg.de\/index.php?rest_route=%2Fwp%2Fv2%2Fmedia&parent=57"}],"curies":[{"name":"wp","href":"https:\/\/api.w.org\/{rel}","templated":true}]}}