{"id":61,"date":"2020-03-29T12:04:36","date_gmt":"2020-03-29T12:04:36","guid":{"rendered":"http:\/\/spd-atter.de\/?page_id=61"},"modified":"2021-03-14T18:00:28","modified_gmt":"2021-03-14T18:00:28","slug":"impressum","status":"publish","type":"page","link":"https:\/\/spd-eversburg.de\/?page_id=61","title":{"rendered":"Impressum"},"content":{"rendered":"\n<h2 class=\"wp-block-heading\">Angaben gem\u00e4\u00df \u00a7 5 TMG:<\/h2>\n\n\n\n<p>Sozialdemokratische Partei Deutschlands (SPD)<br>SPD Ortsverein Eversburg<br>vertreten durch: Heiko Panzer<br>Anna-Marquard-Stra\u00dfe 2<br>49090 Osnabr\u00fcck<br>Telefon: 0151-70051737<br>heiko.panzer@osnanet.de<\/p>\n\n\n\n<h2 class=\"wp-block-heading\">Verantwortlich f\u00fcr den Inhalt nach \u00a7 55 Abs. 2 RStV:<\/h2>\n\n\n\n<h3 class=\"wp-block-heading\"><br>Heiko Panzer<br>Anna-Marquard-Stra\u00dfe 2<br>49090 Osnabr\u00fcck<\/h3>\n\n\n\n<p>Alle Texte, alle Fotos, alle Gestaltungselemente dieses Servers sind &#8211; sofern nicht ein anderer Urheberrechtsinhaber (bzw. Verwertungsberechtigter) angegeben ist &#8211; f\u00fcr SPD-Eversburg urheberrechtlich gesch\u00fctzt. Jede Verwertung ohne Zustimmung SPD-Unterbezirk Osnabr\u00fcck-Stadt ist unzul\u00e4ssig. SPD-Eversburg erteilt seine Zustimmung zur Verwertung der urheberrechtsrelevanten Elemente auf dieser Seite f\u00fcr die Gestaltung der Internetseiten der regionalen Gliederungen der SPD, soweit kein gekennzeichneter Urheberrechtsvermerk zugunsten eines Dritten besteht. Soweit als Urheberrechtsinhaber (bzw. Verwertungsberechtigter) ein Dritter angegeben ist, m\u00fcssen die Verwertungsrechte vor entsprechender Nutzung von diesem erworben werden.<\/p>\n\n\n\n<p>Wir haben auf unseren Seiten Links zu anderen Seiten im Internet. F\u00fcr alle diese Links gilt, dass wir keinerlei Einfluss auf die Gestaltung und die Inhalte der gelinkten Seiten haben. Deswegen \u00fcbernehmen wir auch keinerlei Verantwortung f\u00fcr Inhalt und Gestaltung dieser Seiten. Diese Erkl\u00e4rung gilt f\u00fcr alle auf unserer Internetpr\u00e4senz angezeigten Links und f\u00fcr alle Inhalte der Seiten, zu denen die bei uns angemeldeten Banner und Links f\u00fchren.<\/p>\n","protected":false},"excerpt":{"rendered":"<p>Angaben gem\u00e4\u00df \u00a7 5 TMG: Sozialdemokratische Partei Deutschlands (SPD)SPD Ortsverein Eversburgvertreten durch: Heiko PanzerAnna-Marquard-Stra\u00dfe 249090 Osnabr\u00fcckTelefon: 0151-70051737heiko.panzer@osnanet.de Verantwortlich f\u00fcr den Inhalt nach \u00a7 55 Abs. 2 RStV: Heiko PanzerAnna-Marquard-Stra\u00dfe 249090 Osnabr\u00fcck Alle Texte, alle Fotos, alle Gestaltungselemente dieses Servers sind &#8211; sofern nicht ein anderer Urheberrechtsinhaber (bzw. Verwertungsberechtigter) angegeben ist &#8211; f\u00fcr SPD-Eversburg urheberrechtlich gesch\u00fctzt. &hellip; <a href=\"https:\/\/spd-eversburg.de\/?page_id=61\" class=\"more-link\"><span class=\"screen-reader-text\">\u201eImpressum\u201c <\/span>weiterlesen<\/a><\/p>\n","protected":false},"author":1,"featured_media":0,"parent":0,"menu_order":0,"comment_status":"closed","ping_status":"closed","template":"","meta":{"footnotes":""},"class_list":["post-61","page","type-page","status-publish","hentry"],"_links":{"self":[{"href":"https:\/\/spd-eversburg.de\/index.php?rest_route=\/wp\/v2\/pages\/61","targetHints":{"allow":["GET"]}}],"collection":[{"href":"https:\/\/spd-eversburg.de\/index.php?rest_route=\/wp\/v2\/pages"}],"about":[{"href":"https:\/\/spd-eversburg.de\/index.php?rest_route=\/wp\/v2\/types\/page"}],"author":[{"embeddable":true,"href":"https:\/\/spd-eversburg.de\/index.php?rest_route=\/wp\/v2\/users\/1"}],"replies":[{"embeddable":true,"href":"https:\/\/spd-eversburg.de\/index.php?rest_route=%2Fwp%2Fv2%2Fcomments&post=61"}],"version-history":[{"count":2,"href":"https:\/\/spd-eversburg.de\/index.php?rest_route=\/wp\/v2\/pages\/61\/revisions"}],"predecessor-version":[{"id":240,"href":"https:\/\/spd-eversburg.de\/index.php?rest_route=\/wp\/v2\/pages\/61\/revisions\/240"}],"wp:attachment":[{"href":"https:\/\/spd-eversburg.de\/index.php?rest_route=%2Fwp%2Fv2%2Fmedia&parent=61"}],"curies":[{"name":"wp","href":"https:\/\/api.w.org\/{rel}","templated":true}]}}